{"id":4823,"date":"2021-04-09T14:42:33","date_gmt":"2021-04-09T14:42:33","guid":{"rendered":"https:\/\/oggero.com\/produits\/oggettistica-catalogo\/biro-penne-matite\/"},"modified":"2021-04-09T14:42:33","modified_gmt":"2021-04-09T14:42:33","slug":"biro-penne-matite","status":"publish","type":"page","link":"https:\/\/oggero.com\/fr\/produits\/oggettistica-catalogo\/biro-penne-matite\/","title":{"rendered":"Biro &#8211; Penne &#8211; Matite"},"content":{"rendered":"\t\t<div data-elementor-type=\"wp-page\" data-elementor-id=\"4823\" class=\"elementor elementor-4823 elementor-2064\" data-elementor-settings=\"[]\">\n\t\t\t\t\t\t<div class=\"elementor-inner\">\n\t\t\t\t\t\t\t<div class=\"elementor-section-wrap\">\n\t\t\t\t\t\t\t<section class=\"elementor-section elementor-top-section elementor-element elementor-element-7d53a94 elementor-section-boxed elementor-section-height-default elementor-section-height-default\" data-id=\"7d53a94\" data-element_type=\"section\">\n\t\t\t\t\t\t<div class=\"elementor-container elementor-column-gap-extended\">\n\t\t\t\t\t\t\t<div class=\"elementor-row\">\n\t\t\t\t\t<div class=\"elementor-column elementor-col-100 elementor-top-column elementor-element elementor-element-765fb73 sc_layouts_column_icons_position_left\" data-id=\"765fb73\" data-element_type=\"column\">\n\t\t\t<div class=\"elementor-column-wrap elementor-element-populated\">\n\t\t\t\t\t\t\t<div class=\"elementor-widget-wrap\">\n\t\t\t\t\t\t<div class=\"elementor-element elementor-element-93782f3 elementor-widget elementor-widget-heading\" data-id=\"93782f3\" data-element_type=\"widget\" data-widget_type=\"heading.default\">\n\t\t\t\t<div class=\"elementor-widget-container\">\n\t\t\t<h2 class=\"elementor-heading-title elementor-size-default\">Biro - Penne - Roller - Matite\n<\/h2>\t\t<\/div>\n\t\t\t\t<\/div>\n\t\t\t\t<div class=\"elementor-element elementor-element-d9e255d elementor-widget elementor-widget-spacer\" data-id=\"d9e255d\" data-element_type=\"widget\" data-widget_type=\"spacer.default\">\n\t\t\t\t<div class=\"elementor-widget-container\">\n\t\t\t\t\t<div class=\"elementor-spacer\">\n\t\t\t<div class=\"elementor-spacer-inner\"><\/div>\n\t\t<\/div>\n\t\t\t\t<\/div>\n\t\t\t\t<\/div>\n\t\t\t\t<div class=\"elementor-element elementor-element-a09f2a8 elementor-widget elementor-widget-text-editor\" data-id=\"a09f2a8\" data-element_type=\"widget\" data-widget_type=\"text-editor.default\">\n\t\t\t\t<div class=\"elementor-widget-container\">\n\t\t\t\t\t\t\t\t<div class=\"elementor-text-editor elementor-clearfix\">\n\t\t\t\t<p>Selezioniamo personalmente le migliori penne a sfera del mercato.<br \/>Un infinit\u00e0 di modelli, una miriade di colori, tantissime possibilit\u00e0 di personalizzazione. <br \/>Vasta scelta di <strong>prodotti di qualit\u00e0 fabbricate in Italia<\/strong>, prodotti con <strong>materiali riciclati e riciclabili<\/strong>, compostabili.\u00a0<\/p>\t\t\t\t\t<\/div>\n\t\t\t\t\t\t<\/div>\n\t\t\t\t<\/div>\n\t\t\t\t<div class=\"elementor-element elementor-element-b5cd109 elementor-widget elementor-widget-spacer\" data-id=\"b5cd109\" data-element_type=\"widget\" data-widget_type=\"spacer.default\">\n\t\t\t\t<div class=\"elementor-widget-container\">\n\t\t\t\t\t<div class=\"elementor-spacer\">\n\t\t\t<div class=\"elementor-spacer-inner\"><\/div>\n\t\t<\/div>\n\t\t\t\t<\/div>\n\t\t\t\t<\/div>\n\t\t\t\t<div class=\"elementor-element elementor-element-fd91350 elementor-widget elementor-widget-image\" data-id=\"fd91350\" data-element_type=\"widget\" data-widget_type=\"image.default\">\n\t\t\t\t<div class=\"elementor-widget-container\">\n\t\t\t\t\t\t\t\t<div class=\"elementor-image\">\n\t\t\t\t\t\t\t\t\t\t\t\t<img width=\"640\" height=\"255\" src=\"https:\/\/oggero.com\/wp-content\/uploads\/2021\/04\/penne-digital-alto_e704776087.jpg\" class=\"attachment-large size-large\" alt=\"\" loading=\"lazy\" srcset=\"https:\/\/oggero.com\/wp-content\/uploads\/2021\/04\/penne-digital-alto_e704776087.jpg 640w, https:\/\/oggero.com\/wp-content\/uploads\/2021\/04\/penne-digital-alto_e704776087-300x120.jpg 300w, https:\/\/oggero.com\/wp-content\/uploads\/2021\/04\/penne-digital-alto_e704776087-370x147.jpg 370w, https:\/\/oggero.com\/wp-content\/uploads\/2021\/04\/penne-digital-alto_e704776087-421x168.jpg 421w\" sizes=\"(max-width: 640px) 100vw, 640px\" \/>\t\t\t\t\t\t\t\t\t\t\t\t\t\t<\/div>\n\t\t\t\t\t\t<\/div>\n\t\t\t\t<\/div>\n\t\t\t\t<div class=\"elementor-element elementor-element-1d1188c elementor-widget elementor-widget-spacer\" data-id=\"1d1188c\" data-element_type=\"widget\" data-widget_type=\"spacer.default\">\n\t\t\t\t<div class=\"elementor-widget-container\">\n\t\t\t\t\t<div class=\"elementor-spacer\">\n\t\t\t<div class=\"elementor-spacer-inner\"><\/div>\n\t\t<\/div>\n\t\t\t\t<\/div>\n\t\t\t\t<\/div>\n\t\t\t\t<div class=\"elementor-element elementor-element-01697a6 elementor-widget elementor-widget-text-editor\" data-id=\"01697a6\" data-element_type=\"widget\" data-widget_type=\"text-editor.default\">\n\t\t\t\t<div class=\"elementor-widget-container\">\n\t\t\t\t\t\t\t\t<div class=\"elementor-text-editor elementor-clearfix\">\n\t\t\t\t<p>Le penne oggi si vestono di nuovo con l&rsquo;innovativa tecnica di <strong>stampa digitale <\/strong>che consente di creare oggetti dall\u2019altissimo appeal. Si adattano perfettamente a qualunque grafica aziendale per mantenere il brand in primo piano. E per dare ancora pi\u00f9 spazio alla creativit\u00e0 gli StickyNotesBic offrono ampie superfici da stampare in quadricromia e abbinati a penne si ottengono dei set perfetti, dal costo contenuto e disponibili in tempi brevissimi.<\/p>\t\t\t\t\t<\/div>\n\t\t\t\t\t\t<\/div>\n\t\t\t\t<\/div>\n\t\t\t\t<div class=\"elementor-element elementor-element-b0fe115 elementor-widget elementor-widget-spacer\" data-id=\"b0fe115\" data-element_type=\"widget\" data-widget_type=\"spacer.default\">\n\t\t\t\t<div class=\"elementor-widget-container\">\n\t\t\t\t\t<div class=\"elementor-spacer\">\n\t\t\t<div class=\"elementor-spacer-inner\"><\/div>\n\t\t<\/div>\n\t\t\t\t<\/div>\n\t\t\t\t<\/div>\n\t\t\t\t<div class=\"elementor-element elementor-element-a800955 elementor-widget elementor-widget-text-editor\" data-id=\"a800955\" data-element_type=\"widget\" data-widget_type=\"text-editor.default\">\n\t\t\t\t<div class=\"elementor-widget-container\">\n\t\t\t\t\t\t\t\t<div class=\"elementor-text-editor elementor-clearfix\">\n\t\t\t\t<p>Dal 1998 siamo distributori di <strong>prodotti promozionali per scrittura della linea BIC GRAPHIC<\/strong>: prodotti riconosciuti in tutto il mondo, di qualit\u00e0, di design, con un minimo impatto ambientale, con semplicit\u00e0 e funzionalit\u00e0 a prezzo accessibile.\u00a0<\/p>\t\t\t\t\t<\/div>\n\t\t\t\t\t\t<\/div>\n\t\t\t\t<\/div>\n\t\t\t\t\t\t<\/div>\n\t\t\t\t\t<\/div>\n\t\t<\/div>\n\t\t\t\t\t\t\t\t<\/div>\n\t\t\t\t\t<\/div>\n\t\t<\/section>\n\t\t\t\t<section class=\"elementor-section elementor-top-section elementor-element elementor-element-0555cc3 elementor-section-boxed elementor-section-height-default elementor-section-height-default\" data-id=\"0555cc3\" data-element_type=\"section\">\n\t\t\t\t\t\t<div class=\"elementor-container elementor-column-gap-extended\">\n\t\t\t\t\t\t\t<div class=\"elementor-row\">\n\t\t\t\t\t<div class=\"elementor-column elementor-col-100 elementor-top-column elementor-element elementor-element-f7bef39 sc_layouts_column_icons_position_left\" data-id=\"f7bef39\" data-element_type=\"column\">\n\t\t\t<div class=\"elementor-column-wrap elementor-element-populated\">\n\t\t\t\t\t\t\t<div class=\"elementor-widget-wrap\">\n\t\t\t\t\t\t<div class=\"elementor-element elementor-element-8ae884b elementor-widget elementor-widget-spacer\" data-id=\"8ae884b\" data-element_type=\"widget\" data-widget_type=\"spacer.default\">\n\t\t\t\t<div class=\"elementor-widget-container\">\n\t\t\t\t\t<div class=\"elementor-spacer\">\n\t\t\t<div class=\"elementor-spacer-inner\"><\/div>\n\t\t<\/div>\n\t\t\t\t<\/div>\n\t\t\t\t<\/div>\n\t\t\t\t\t\t<\/div>\n\t\t\t\t\t<\/div>\n\t\t<\/div>\n\t\t\t\t\t\t\t\t<\/div>\n\t\t\t\t\t<\/div>\n\t\t<\/section>\n\t\t\t\t<section class=\"elementor-section elementor-top-section elementor-element elementor-element-605987a elementor-section-boxed elementor-section-height-default elementor-section-height-default\" data-id=\"605987a\" data-element_type=\"section\">\n\t\t\t\t\t\t<div class=\"elementor-container elementor-column-gap-extended\">\n\t\t\t\t\t\t\t<div class=\"elementor-row\">\n\t\t\t\t\t<div class=\"elementor-column elementor-col-50 elementor-top-column elementor-element elementor-element-01b1e84 sc_layouts_column_icons_position_left\" data-id=\"01b1e84\" data-element_type=\"column\">\n\t\t\t<div class=\"elementor-column-wrap elementor-element-populated\">\n\t\t\t\t\t\t\t<div class=\"elementor-widget-wrap\">\n\t\t\t\t\t\t<div class=\"elementor-element elementor-element-fad2113 elementor-widget elementor-widget-image\" data-id=\"fad2113\" data-element_type=\"widget\" data-widget_type=\"image.default\">\n\t\t\t\t<div class=\"elementor-widget-container\">\n\t\t\t\t\t\t\t\t<div class=\"elementor-image\">\n\t\t\t\t\t\t\t\t\t\t\t\t\t<a href=\"https:\/\/oggero.com\/prodotti\/oggettistica-catalogo\/biro-penne-matite\/catalogo-bic-graphic\/\">\n\t\t\t\t\t\t\t<img width=\"307\" height=\"74\" src=\"https:\/\/oggero.com\/wp-content\/uploads\/2021\/07\/BIClogoTop.png\" class=\"attachment-large size-large\" alt=\"\" loading=\"lazy\" srcset=\"https:\/\/oggero.com\/wp-content\/uploads\/2021\/07\/BIClogoTop.png 307w, https:\/\/oggero.com\/wp-content\/uploads\/2021\/07\/BIClogoTop-300x72.png 300w\" sizes=\"(max-width: 307px) 100vw, 307px\" \/>\t\t\t\t\t\t\t\t<\/a>\n\t\t\t\t\t\t\t\t\t\t\t\t\t\t<\/div>\n\t\t\t\t\t\t<\/div>\n\t\t\t\t<\/div>\n\t\t\t\t\t\t<\/div>\n\t\t\t\t\t<\/div>\n\t\t<\/div>\n\t\t\t\t<div class=\"elementor-column elementor-col-50 elementor-top-column elementor-element elementor-element-c9c73d3 sc_layouts_column_icons_position_left\" data-id=\"c9c73d3\" data-element_type=\"column\">\n\t\t\t<div class=\"elementor-column-wrap elementor-element-populated\">\n\t\t\t\t\t\t\t<div class=\"elementor-widget-wrap\">\n\t\t\t\t\t\t<div class=\"elementor-element elementor-element-7d76a09 elementor-widget elementor-widget-text-editor\" data-id=\"7d76a09\" data-element_type=\"widget\" data-widget_type=\"text-editor.default\">\n\t\t\t\t<div class=\"elementor-widget-container\">\n\t\t\t\t\t\t\t\t<div class=\"elementor-text-editor elementor-clearfix\">\n\t\t\t\t<p><a href=\"https:\/\/oggero.com\/prodotti\/oggettistica-catalogo\/biro-penne-matite\/catalogo-bic-graphic\/\">Clicca per scoprire il catalogo BIC GRAPHIC.<\/a><\/p>\t\t\t\t\t<\/div>\n\t\t\t\t\t\t<\/div>\n\t\t\t\t<\/div>\n\t\t\t\t\t\t<\/div>\n\t\t\t\t\t<\/div>\n\t\t<\/div>\n\t\t\t\t\t\t\t\t<\/div>\n\t\t\t\t\t<\/div>\n\t\t<\/section>\n\t\t\t\t\t\t<\/div>\n\t\t\t\t\t\t<\/div>\n\t\t\t\t\t<\/div>\n\t\t","protected":false},"excerpt":{"rendered":"<p>Biro &#8211; Penne &#8211; Roller &#8211; Matite Selezioniamo personalmente le migliori penne a sfera del mercato.Un infinit\u00e0 di modelli, una miriade di colori, tantissime possibilit\u00e0 di personalizzazione. Vasta scelta di prodotti di qualit\u00e0 fabbricate in Italia, prodotti con materiali riciclati e riciclabili, compostabili.\u00a0 Le penne oggi&hellip;<\/p>\n","protected":false},"author":1,"featured_media":0,"parent":4816,"menu_order":0,"comment_status":"closed","ping_status":"closed","template":"","meta":[],"yoast_head":"<!-- This site is optimized with the Yoast SEO plugin v18.1 - https:\/\/yoast.com\/wordpress\/plugins\/seo\/ -->\n<title>Biro - Penne - Matite - Oggero - Oggettistica Promozionale, Abbigliamento Personalizzato, Etichette<\/title>\n<meta name=\"robots\" content=\"index, follow, max-snippet:-1, max-image-preview:large, max-video-preview:-1\" \/>\n<link rel=\"canonical\" href=\"https:\/\/oggero.com\/fr\/produits\/oggettistica-catalogo\/biro-penne-matite\/\" \/>\n<meta property=\"og:locale\" content=\"fr_FR\" \/>\n<meta property=\"og:type\" content=\"article\" \/>\n<meta property=\"og:title\" content=\"Biro - Penne - Matite - Oggero - Oggettistica Promozionale, Abbigliamento Personalizzato, Etichette\" \/>\n<meta property=\"og:description\" content=\"Biro &#8211; Penne &#8211; Roller &#8211; Matite Selezioniamo personalmente le migliori penne a sfera del mercato.Un infinit\u00e0 di modelli, una miriade di colori, tantissime possibilit\u00e0 di personalizzazione. Vasta scelta di prodotti di qualit\u00e0 fabbricate in Italia, prodotti con materiali riciclati e riciclabili, compostabili.\u00a0 Le penne oggi&hellip;\" \/>\n<meta property=\"og:url\" content=\"https:\/\/oggero.com\/fr\/produits\/oggettistica-catalogo\/biro-penne-matite\/\" \/>\n<meta property=\"og:site_name\" content=\"Oggero - Oggettistica Promozionale, Abbigliamento Personalizzato, Etichette\" \/>\n<meta property=\"og:image\" content=\"https:\/\/oggero.com\/wp-content\/uploads\/2021\/04\/penne-digital-alto_e704776087.jpg\" \/>\n<meta name=\"twitter:card\" content=\"summary_large_image\" \/>\n<meta name=\"twitter:label1\" content=\"Dur\u00e9e de lecture estim\u00e9e\" \/>\n\t<meta name=\"twitter:data1\" content=\"2 minutes\" \/>\n<script type=\"application\/ld+json\" class=\"yoast-schema-graph\">{\"@context\":\"https:\/\/schema.org\",\"@graph\":[{\"@type\":\"WebSite\",\"@id\":\"https:\/\/oggero.com\/#website\",\"url\":\"https:\/\/oggero.com\/\",\"name\":\"Oggero - Oggettistica Promozionale, Abbigliamento Personalizzato, Etichette\",\"description\":\"oggero - Oggettistica Promozionale, Abbigliamento Personalizzato, Etichette\",\"potentialAction\":[{\"@type\":\"SearchAction\",\"target\":{\"@type\":\"EntryPoint\",\"urlTemplate\":\"https:\/\/oggero.com\/?s={search_term_string}\"},\"query-input\":\"required name=search_term_string\"}],\"inLanguage\":\"fr-FR\"},{\"@type\":\"ImageObject\",\"@id\":\"https:\/\/oggero.com\/fr\/produits\/oggettistica-catalogo\/biro-penne-matite\/#primaryimage\",\"inLanguage\":\"fr-FR\",\"url\":\"https:\/\/oggero.com\/wp-content\/uploads\/2021\/04\/penne-digital-alto_e704776087.jpg\",\"contentUrl\":\"https:\/\/oggero.com\/wp-content\/uploads\/2021\/04\/penne-digital-alto_e704776087.jpg\",\"width\":640,\"height\":255},{\"@type\":\"WebPage\",\"@id\":\"https:\/\/oggero.com\/fr\/produits\/oggettistica-catalogo\/biro-penne-matite\/#webpage\",\"url\":\"https:\/\/oggero.com\/fr\/produits\/oggettistica-catalogo\/biro-penne-matite\/\",\"name\":\"Biro - Penne - Matite - Oggero - Oggettistica Promozionale, Abbigliamento Personalizzato, Etichette\",\"isPartOf\":{\"@id\":\"https:\/\/oggero.com\/#website\"},\"primaryImageOfPage\":{\"@id\":\"https:\/\/oggero.com\/fr\/produits\/oggettistica-catalogo\/biro-penne-matite\/#primaryimage\"},\"datePublished\":\"2021-04-09T14:42:33+00:00\",\"dateModified\":\"2021-04-09T14:42:33+00:00\",\"breadcrumb\":{\"@id\":\"https:\/\/oggero.com\/fr\/produits\/oggettistica-catalogo\/biro-penne-matite\/#breadcrumb\"},\"inLanguage\":\"fr-FR\",\"potentialAction\":[{\"@type\":\"ReadAction\",\"target\":[\"https:\/\/oggero.com\/fr\/produits\/oggettistica-catalogo\/biro-penne-matite\/\"]}]},{\"@type\":\"BreadcrumbList\",\"@id\":\"https:\/\/oggero.com\/fr\/produits\/oggettistica-catalogo\/biro-penne-matite\/#breadcrumb\",\"itemListElement\":[{\"@type\":\"ListItem\",\"position\":1,\"name\":\"Home\",\"item\":\"https:\/\/oggero.com\/fr\/\"},{\"@type\":\"ListItem\",\"position\":2,\"name\":\"Produits\",\"item\":\"https:\/\/oggero.com\/fr\/produits\/\"},{\"@type\":\"ListItem\",\"position\":3,\"name\":\"Oggettistica &#8211; CATALOGO\",\"item\":\"https:\/\/oggero.com\/fr\/produits\/oggettistica-catalogo\/\"},{\"@type\":\"ListItem\",\"position\":4,\"name\":\"Biro &#8211; Penne &#8211; Matite\"}]}]}<\/script>\n<!-- \/ Yoast SEO plugin. -->","yoast_head_json":{"title":"Biro - Penne - Matite - Oggero - Oggettistica Promozionale, Abbigliamento Personalizzato, Etichette","robots":{"index":"index","follow":"follow","max-snippet":"max-snippet:-1","max-image-preview":"max-image-preview:large","max-video-preview":"max-video-preview:-1"},"canonical":"https:\/\/oggero.com\/fr\/produits\/oggettistica-catalogo\/biro-penne-matite\/","og_locale":"fr_FR","og_type":"article","og_title":"Biro - Penne - Matite - Oggero - Oggettistica Promozionale, Abbigliamento Personalizzato, Etichette","og_description":"Biro &#8211; Penne &#8211; Roller &#8211; Matite Selezioniamo personalmente le migliori penne a sfera del mercato.Un infinit\u00e0 di modelli, una miriade di colori, tantissime possibilit\u00e0 di personalizzazione. Vasta scelta di prodotti di qualit\u00e0 fabbricate in Italia, prodotti con materiali riciclati e riciclabili, compostabili.\u00a0 Le penne oggi&hellip;","og_url":"https:\/\/oggero.com\/fr\/produits\/oggettistica-catalogo\/biro-penne-matite\/","og_site_name":"Oggero - Oggettistica Promozionale, Abbigliamento Personalizzato, Etichette","og_image":[{"url":"https:\/\/oggero.com\/wp-content\/uploads\/2021\/04\/penne-digital-alto_e704776087.jpg"}],"twitter_card":"summary_large_image","twitter_misc":{"Dur\u00e9e de lecture estim\u00e9e":"2 minutes"},"schema":{"@context":"https:\/\/schema.org","@graph":[{"@type":"WebSite","@id":"https:\/\/oggero.com\/#website","url":"https:\/\/oggero.com\/","name":"Oggero - Oggettistica Promozionale, Abbigliamento Personalizzato, Etichette","description":"oggero - Oggettistica Promozionale, Abbigliamento Personalizzato, Etichette","potentialAction":[{"@type":"SearchAction","target":{"@type":"EntryPoint","urlTemplate":"https:\/\/oggero.com\/?s={search_term_string}"},"query-input":"required name=search_term_string"}],"inLanguage":"fr-FR"},{"@type":"ImageObject","@id":"https:\/\/oggero.com\/fr\/produits\/oggettistica-catalogo\/biro-penne-matite\/#primaryimage","inLanguage":"fr-FR","url":"https:\/\/oggero.com\/wp-content\/uploads\/2021\/04\/penne-digital-alto_e704776087.jpg","contentUrl":"https:\/\/oggero.com\/wp-content\/uploads\/2021\/04\/penne-digital-alto_e704776087.jpg","width":640,"height":255},{"@type":"WebPage","@id":"https:\/\/oggero.com\/fr\/produits\/oggettistica-catalogo\/biro-penne-matite\/#webpage","url":"https:\/\/oggero.com\/fr\/produits\/oggettistica-catalogo\/biro-penne-matite\/","name":"Biro - Penne - Matite - Oggero - Oggettistica Promozionale, Abbigliamento Personalizzato, Etichette","isPartOf":{"@id":"https:\/\/oggero.com\/#website"},"primaryImageOfPage":{"@id":"https:\/\/oggero.com\/fr\/produits\/oggettistica-catalogo\/biro-penne-matite\/#primaryimage"},"datePublished":"2021-04-09T14:42:33+00:00","dateModified":"2021-04-09T14:42:33+00:00","breadcrumb":{"@id":"https:\/\/oggero.com\/fr\/produits\/oggettistica-catalogo\/biro-penne-matite\/#breadcrumb"},"inLanguage":"fr-FR","potentialAction":[{"@type":"ReadAction","target":["https:\/\/oggero.com\/fr\/produits\/oggettistica-catalogo\/biro-penne-matite\/"]}]},{"@type":"BreadcrumbList","@id":"https:\/\/oggero.com\/fr\/produits\/oggettistica-catalogo\/biro-penne-matite\/#breadcrumb","itemListElement":[{"@type":"ListItem","position":1,"name":"Home","item":"https:\/\/oggero.com\/fr\/"},{"@type":"ListItem","position":2,"name":"Produits","item":"https:\/\/oggero.com\/fr\/produits\/"},{"@type":"ListItem","position":3,"name":"Oggettistica &#8211; CATALOGO","item":"https:\/\/oggero.com\/fr\/produits\/oggettistica-catalogo\/"},{"@type":"ListItem","position":4,"name":"Biro &#8211; Penne &#8211; Matite"}]}]}},"_links":{"self":[{"href":"https:\/\/oggero.com\/fr\/wp-json\/wp\/v2\/pages\/4823"}],"collection":[{"href":"https:\/\/oggero.com\/fr\/wp-json\/wp\/v2\/pages"}],"about":[{"href":"https:\/\/oggero.com\/fr\/wp-json\/wp\/v2\/types\/page"}],"author":[{"embeddable":true,"href":"https:\/\/oggero.com\/fr\/wp-json\/wp\/v2\/users\/1"}],"replies":[{"embeddable":true,"href":"https:\/\/oggero.com\/fr\/wp-json\/wp\/v2\/comments?post=4823"}],"version-history":[{"count":0,"href":"https:\/\/oggero.com\/fr\/wp-json\/wp\/v2\/pages\/4823\/revisions"}],"up":[{"embeddable":true,"href":"https:\/\/oggero.com\/fr\/wp-json\/wp\/v2\/pages\/4816"}],"wp:attachment":[{"href":"https:\/\/oggero.com\/fr\/wp-json\/wp\/v2\/media?parent=4823"}],"curies":[{"name":"wp","href":"https:\/\/api.w.org\/{rel}","templated":true}]}}