{"id":4740,"date":"2018-05-24T10:13:20","date_gmt":"2018-05-24T10:13:20","guid":{"rendered":"https:\/\/oggero.com\/contatti\/"},"modified":"2021-09-15T15:26:01","modified_gmt":"2021-09-15T13:26:01","slug":"contact","status":"publish","type":"page","link":"https:\/\/oggero.com\/fr\/contact\/","title":{"rendered":"Contact"},"content":{"rendered":"\t\t<div data-elementor-type=\"wp-post\" data-elementor-id=\"4740\" class=\"elementor elementor-4740 elementor-111\" data-elementor-settings=\"[]\">\n\t\t\t\t\t\t<div class=\"elementor-inner\">\n\t\t\t\t\t\t\t<div class=\"elementor-section-wrap\">\n\t\t\t\t\t\t\t<section class=\"elementor-section elementor-top-section elementor-element elementor-element-89f96a1 elementor-section-full_width elementor-section-stretched elementor-section-height-default elementor-section-height-default\" data-id=\"89f96a1\" data-element_type=\"section\" data-settings=\"{&quot;stretch_section&quot;:&quot;section-stretched&quot;}\">\n\t\t\t\t\t\t<div class=\"elementor-container elementor-column-gap-default\">\n\t\t\t\t\t\t\t<div class=\"elementor-row\">\n\t\t\t\t\t<div class=\"elementor-column elementor-col-100 elementor-top-column elementor-element elementor-element-1e5f240 sc_layouts_column_icons_position_left\" data-id=\"1e5f240\" data-element_type=\"column\">\n\t\t\t<div class=\"elementor-column-wrap elementor-element-populated\">\n\t\t\t\t\t\t\t<div class=\"elementor-widget-wrap\">\n\t\t\t\t\t\t<div class=\"elementor-element elementor-element-66e4c18 elementor-widget elementor-widget-trx_sc_googlemap\" data-id=\"66e4c18\" data-element_type=\"widget\" data-widget_type=\"trx_sc_googlemap.default\">\n\t\t\t\t<div class=\"elementor-widget-container\">\n\t\t\t<div id=\"trx_sc_googlemap_349408898_wrap\" class=\"sc_googlemap_wrap\"><div id=\"trx_sc_googlemap_349408898\"\n\t\t\tclass=\"sc_googlemap sc_googlemap_default trx_addons_inline_33214739\"\n\t\t\t\t\t\tdata-zoom=\"14\"\n\t\t\tdata-center=\"\"\n\t\t\tdata-style=\"extra\"\n\t\t\tdata-cluster-icon=\"\"\n\t\t\t><iframe\n\t\t\t\t\tsrc=\"https:\/\/maps.google.com\/maps?t=m&output=embed&iwloc=near&z=14&q=oggero+fratelli+srl\"\n\t\t\t\t\taria-label=\"\"><\/iframe><\/div><\/div><!-- \/.sc_googlemap_wrap -->\t\t<\/div>\n\t\t\t\t<\/div>\n\t\t\t\t\t\t<\/div>\n\t\t\t\t\t<\/div>\n\t\t<\/div>\n\t\t\t\t\t\t\t\t<\/div>\n\t\t\t\t\t<\/div>\n\t\t<\/section>\n\t\t\t\t<section class=\"elementor-section elementor-top-section elementor-element elementor-element-d01c160 elementor-section-boxed elementor-section-height-default elementor-section-height-default\" data-id=\"d01c160\" data-element_type=\"section\">\n\t\t\t\t\t\t<div class=\"elementor-container elementor-column-gap-extended\">\n\t\t\t\t\t\t\t<div class=\"elementor-row\">\n\t\t\t\t\t<div class=\"elementor-column elementor-col-50 elementor-top-column elementor-element elementor-element-52e4450 sc_layouts_column_icons_position_left\" data-id=\"52e4450\" data-element_type=\"column\" data-settings=\"{&quot;background_background&quot;:&quot;classic&quot;}\">\n\t\t\t<div class=\"elementor-column-wrap elementor-element-populated\">\n\t\t\t\t\t\t\t<div class=\"elementor-widget-wrap\">\n\t\t\t\t\t\t<div class=\"elementor-element elementor-element-0435578 elementor-widget elementor-widget-spacer\" data-id=\"0435578\" data-element_type=\"widget\" data-widget_type=\"spacer.default\">\n\t\t\t\t<div class=\"elementor-widget-container\">\n\t\t\t\t\t<div class=\"elementor-spacer\">\n\t\t\t<div class=\"elementor-spacer-inner\"><\/div>\n\t\t<\/div>\n\t\t\t\t<\/div>\n\t\t\t\t<\/div>\n\t\t\t\t<section class=\"elementor-section elementor-inner-section elementor-element elementor-element-0472cac elementor-section-boxed elementor-section-height-default elementor-section-height-default\" data-id=\"0472cac\" data-element_type=\"section\" data-settings=\"{&quot;background_background&quot;:&quot;classic&quot;}\">\n\t\t\t\t\t\t<div class=\"elementor-container elementor-column-gap-extended\">\n\t\t\t\t\t\t\t<div class=\"elementor-row\">\n\t\t\t\t\t<div class=\"elementor-column elementor-col-100 elementor-inner-column elementor-element elementor-element-b411642 sc_layouts_column_icons_position_left\" data-id=\"b411642\" data-element_type=\"column\">\n\t\t\t<div class=\"elementor-column-wrap elementor-element-populated\">\n\t\t\t\t\t\t\t<div class=\"elementor-widget-wrap\">\n\t\t\t\t\t\t<div class=\"elementor-element elementor-element-1585c14 scheme_dark elementor-widget elementor-widget-trx_sc_icons\" data-id=\"1585c14\" data-element_type=\"widget\" data-widget_type=\"trx_sc_icons.default\">\n\t\t\t\t<div class=\"elementor-widget-container\">\n\t\t\t<div id=\"trx_sc_icons_2143069882\" \n\tclass=\"sc_icons sc_icons_default sc_icons_size_medium sc_align_center\"><div class=\"sc_icons_item\"><div id=\"trx_sc_icons_2143069882_icon-10-contact\" class=\"sc_icons_icon sc_icon_type_ icon-10-contact\"><span class=\"sc_icon_type_ icon-10-contact\"><\/span><\/div><\/div><\/div><!-- \/.sc_icons -->\t\t<\/div>\n\t\t\t\t<\/div>\n\t\t\t\t<div class=\"elementor-element elementor-element-444c2fa elementor-widget elementor-widget-spacer\" data-id=\"444c2fa\" data-element_type=\"widget\" data-widget_type=\"spacer.default\">\n\t\t\t\t<div class=\"elementor-widget-container\">\n\t\t\t\t\t<div class=\"elementor-spacer\">\n\t\t\t<div class=\"elementor-spacer-inner\"><\/div>\n\t\t<\/div>\n\t\t\t\t<\/div>\n\t\t\t\t<\/div>\n\t\t\t\t<div class=\"elementor-element elementor-element-6b8bd7f light-link-form elementor-widget elementor-widget-text-editor\" data-id=\"6b8bd7f\" data-element_type=\"widget\" data-widget_type=\"text-editor.default\">\n\t\t\t\t<div class=\"elementor-widget-container\">\n\t\t\t\t\t\t\t\t<div class=\"elementor-text-editor elementor-clearfix\">\n\t\t\t\t<div role=\"form\" class=\"wpcf7\" id=\"wpcf7-f5-o1\" lang=\"en-US\" dir=\"ltr\">\n<div class=\"screen-reader-response\"><p role=\"status\" aria-live=\"polite\" aria-atomic=\"true\"><\/p> <ul><\/ul><\/div>\n<form action=\"\/fr\/wp-json\/wp\/v2\/pages\/4740#wpcf7-f5-o1\" method=\"post\" class=\"wpcf7-form init wpcf7-acceptance-as-validation\" novalidate=\"novalidate\" data-status=\"init\">\n<div style=\"display: none;\">\n<input type=\"hidden\" name=\"_wpcf7\" value=\"5\" \/>\n<input type=\"hidden\" name=\"_wpcf7_version\" value=\"5.5.5\" \/>\n<input type=\"hidden\" name=\"_wpcf7_locale\" value=\"en_US\" \/>\n<input type=\"hidden\" name=\"_wpcf7_unit_tag\" value=\"wpcf7-f5-o1\" \/>\n<input type=\"hidden\" name=\"_wpcf7_container_post\" value=\"0\" \/>\n<input type=\"hidden\" name=\"_wpcf7_posted_data_hash\" value=\"\" \/>\n<input type=\"hidden\" name=\"_wpcf7_recaptcha_response\" value=\"\" \/>\n<\/div>\n<p><span class=\"wpcf7-form-control-wrap your-name\"><input type=\"text\" name=\"your-name\" value=\"\" size=\"40\" class=\"wpcf7-form-control wpcf7-text wpcf7-validates-as-required\" aria-required=\"true\" aria-invalid=\"false\" placeholder=\"Ragione sociale\/Nome*\" \/><\/span><\/p>\n<div class=\"elementor-row\">\n<div class=\"elementor-column elementor-col-50\"><span class=\"wpcf7-form-control-wrap your-tel\"><input type=\"tel\" name=\"your-tel\" value=\"\" size=\"40\" class=\"wpcf7-form-control wpcf7-text wpcf7-tel wpcf7-validates-as-tel\" aria-invalid=\"false\" placeholder=\"Telefono\" \/><\/span><\/div>\n<div class=\"elementor-column elementor-col-50\"><span class=\"wpcf7-form-control-wrap your-fax\"><input type=\"tel\" name=\"your-fax\" value=\"\" size=\"40\" class=\"wpcf7-form-control wpcf7-text wpcf7-tel wpcf7-validates-as-tel\" aria-invalid=\"false\" placeholder=\"Fax\" \/><\/span><\/div>\n<\/div>\n<div class=\"elementor-row\">\n<div class=\"elementor-column elementor-col-50\"><span class=\"wpcf7-form-control-wrap your-address\"><input type=\"text\" name=\"your-address\" value=\"\" size=\"40\" class=\"wpcf7-form-control wpcf7-text\" aria-invalid=\"false\" placeholder=\"Indirizzo\" \/><\/span><\/div>\n<div class=\"elementor-column elementor-col-50\"><span class=\"wpcf7-form-control-wrap your-city\"><input type=\"text\" name=\"your-city\" value=\"\" size=\"40\" class=\"wpcf7-form-control wpcf7-text\" aria-invalid=\"false\" placeholder=\"Citt\u00e0\" \/><\/span><\/div>\n<\/div>\n<p><span class=\"wpcf7-form-control-wrap your-email\"><input type=\"email\" name=\"your-email\" value=\"\" size=\"40\" class=\"wpcf7-form-control wpcf7-text wpcf7-email wpcf7-validates-as-required wpcf7-validates-as-email\" aria-required=\"true\" aria-invalid=\"false\" placeholder=\"Email*\" \/><\/span><br \/>\n<span class=\"wpcf7-form-control-wrap your-message\"><textarea name=\"your-message\" cols=\"40\" rows=\"10\" class=\"wpcf7-form-control wpcf7-textarea wpcf7-validates-as-required\" aria-required=\"true\" aria-invalid=\"false\" placeholder=\"Richiesta*\"><\/textarea><\/span><br \/>\n<span class=\"wpcf7-form-control-wrap acceptance-762\"><span class=\"wpcf7-form-control wpcf7-acceptance\"><span class=\"wpcf7-list-item\"><label><input type=\"checkbox\" name=\"acceptance-762\" value=\"1\" aria-invalid=\"false\" \/><span class=\"wpcf7-list-item-label\">Acconsento al Trattamento dei Dati Personali secondo i fini e le modalit\u00e0 definite nell&rsquo;<a style=\"color:#fff\" href=\"\/privacy-policy\">Informativa sulla Privacy<\/a> Artt. 13 e 14 del Regolamento (UE) 2016\/679 (GDPR \u2013 General Data Protection Regulation)<\/span><\/label><\/span><\/span><\/span><br \/>\n<input type=\"submit\" value=\"INVIA\" class=\"wpcf7-form-control has-spinner wpcf7-submit\" \/><\/p>\n<div class=\"wpcf7-response-output\" aria-hidden=\"true\"><\/div><\/form><\/div>\t\t\t\t\t<\/div>\n\t\t\t\t\t\t<\/div>\n\t\t\t\t<\/div>\n\t\t\t\t\t\t<\/div>\n\t\t\t\t\t<\/div>\n\t\t<\/div>\n\t\t\t\t\t\t\t\t<\/div>\n\t\t\t\t\t<\/div>\n\t\t<\/section>\n\t\t\t\t\t\t<\/div>\n\t\t\t\t\t<\/div>\n\t\t<\/div>\n\t\t\t\t<div class=\"elementor-column elementor-col-50 elementor-top-column elementor-element elementor-element-effc7b6 sc_layouts_column_icons_position_left\" data-id=\"effc7b6\" data-element_type=\"column\">\n\t\t\t<div class=\"elementor-column-wrap elementor-element-populated\">\n\t\t\t\t\t\t\t<div class=\"elementor-widget-wrap\">\n\t\t\t\t\t\t<div class=\"elementor-element elementor-element-0472efe elementor-widget elementor-widget-spacer\" data-id=\"0472efe\" data-element_type=\"widget\" data-widget_type=\"spacer.default\">\n\t\t\t\t<div class=\"elementor-widget-container\">\n\t\t\t\t\t<div class=\"elementor-spacer\">\n\t\t\t<div class=\"elementor-spacer-inner\"><\/div>\n\t\t<\/div>\n\t\t\t\t<\/div>\n\t\t\t\t<\/div>\n\t\t\t\t<div class=\"elementor-element elementor-element-f49af9c elementor-widget elementor-widget-trx_sc_title\" data-id=\"f49af9c\" data-element_type=\"widget\" data-widget_type=\"trx_sc_title.default\">\n\t\t\t\t<div class=\"elementor-widget-container\">\n\t\t\t<div id=\"trx_sc_title_437485159\"\n\t\tclass=\"sc_title sc_title_default\"><h2 class=\"sc_item_title sc_title_title sc_align_none sc_item_title_style_default\"><span class=\"text-wrap\">Contattaci<\/span><\/h2><\/div><!-- \/.sc_title -->\t\t<\/div>\n\t\t\t\t<\/div>\n\t\t\t\t<div class=\"elementor-element elementor-element-5dc03c5 elementor-widget elementor-widget-spacer\" data-id=\"5dc03c5\" data-element_type=\"widget\" data-widget_type=\"spacer.default\">\n\t\t\t\t<div class=\"elementor-widget-container\">\n\t\t\t\t\t<div class=\"elementor-spacer\">\n\t\t\t<div class=\"elementor-spacer-inner\"><\/div>\n\t\t<\/div>\n\t\t\t\t<\/div>\n\t\t\t\t<\/div>\n\t\t\t\t<div class=\"elementor-element elementor-element-7da264d elementor-widget elementor-widget-text-editor\" data-id=\"7da264d\" data-element_type=\"widget\" data-widget_type=\"text-editor.default\">\n\t\t\t\t<div class=\"elementor-widget-container\">\n\t\t\t\t\t\t\t\t<div class=\"elementor-text-editor elementor-clearfix\">\n\t\t\t\t<p>Via Don Pellegrino, 34 &#8211; Fraz. Fontanelle<br \/>12012 Boves (CN)<\/p>\t\t\t\t\t<\/div>\n\t\t\t\t\t\t<\/div>\n\t\t\t\t<\/div>\n\t\t\t\t<div class=\"elementor-element elementor-element-cc12389 elementor-widget elementor-widget-spacer\" data-id=\"cc12389\" data-element_type=\"widget\" data-widget_type=\"spacer.default\">\n\t\t\t\t<div class=\"elementor-widget-container\">\n\t\t\t\t\t<div class=\"elementor-spacer\">\n\t\t\t<div class=\"elementor-spacer-inner\"><\/div>\n\t\t<\/div>\n\t\t\t\t<\/div>\n\t\t\t\t<\/div>\n\t\t\t\t<div class=\"elementor-element elementor-element-198c2e7 elementor-widget elementor-widget-text-editor\" data-id=\"198c2e7\" data-element_type=\"widget\" data-widget_type=\"text-editor.default\">\n\t\t\t\t<div class=\"elementor-widget-container\">\n\t\t\t\t\t\t\t\t<div class=\"elementor-text-editor elementor-clearfix\">\n\t\t\t\t<p>Cap. Soc. 45.000,00 \u20ac i.v.<br \/>Reg. Imprese Cuneo REA: CN 90256<br \/>C.F. e P.IVA: 00280640046<br \/><br \/><\/p><p><span style=\"border-bottom: 1px solid #0d0d0d; color: #0d0d0d;\"><strong>Tel:<\/strong><\/span> <a href=\"tel:+390171380700\"><span style=\"color: #787878;\">+39 0171 380700<\/span><\/a><br \/><span style=\"color: #0d0d0d; border-bottom: 1px solid #0d0d0d;\"><strong>Email:<\/strong><\/span> <a href=\"mailto:oggero@oggero.com\"><span style=\"color: #7ec6ef;\">oggero@oggero.com<\/span><\/a><\/p>\t\t\t\t\t<\/div>\n\t\t\t\t\t\t<\/div>\n\t\t\t\t<\/div>\n\t\t\t\t<div class=\"elementor-element elementor-element-c6e0ff2 elementor-widget elementor-widget-spacer\" data-id=\"c6e0ff2\" data-element_type=\"widget\" data-widget_type=\"spacer.default\">\n\t\t\t\t<div class=\"elementor-widget-container\">\n\t\t\t\t\t<div class=\"elementor-spacer\">\n\t\t\t<div class=\"elementor-spacer-inner\"><\/div>\n\t\t<\/div>\n\t\t\t\t<\/div>\n\t\t\t\t<\/div>\n\t\t\t\t<div class=\"elementor-element elementor-element-4b83502 elementor-button-success elementor-widget elementor-widget-button\" data-id=\"4b83502\" data-element_type=\"widget\" data-widget_type=\"button.default\">\n\t\t\t\t<div class=\"elementor-widget-container\">\n\t\t\t\t\t<div class=\"elementor-button-wrapper\">\n\t\t\t<a href=\"https:\/\/oggero.com\/wp-admin\/\" target=\"_blank\" class=\"elementor-button-link elementor-button elementor-size-sm\" role=\"button\">\n\t\t\t\t\t\t<span class=\"elementor-button-content-wrapper\">\n\t\t\t\t\t\t<span class=\"elementor-button-text\">admin Ste<\/span>\n\t\t<\/span>\n\t\t\t\t\t<\/a>\n\t\t<\/div>\n\t\t\t\t<\/div>\n\t\t\t\t<\/div>\n\t\t\t\t\t\t<\/div>\n\t\t\t\t\t<\/div>\n\t\t<\/div>\n\t\t\t\t\t\t\t\t<\/div>\n\t\t\t\t\t<\/div>\n\t\t<\/section>\n\t\t\t\t\t\t<\/div>\n\t\t\t\t\t\t<\/div>\n\t\t\t\t\t<\/div>\n\t\t","protected":false},"excerpt":{"rendered":"<p>Contattaci Via Don Pellegrino, 34 &#8211; Fraz. Fontanelle 12012 Boves (CN) Cap. Soc. 45.000,00 \u20ac i.v. Reg. Imprese Cuneo REA: CN 90256 C.F. e P.IVA: 00280640046 Tel: +39 0171 380700 Email: oggero@oggero.com admin Ste<\/p>\n","protected":false},"author":1,"featured_media":0,"parent":0,"menu_order":0,"comment_status":"closed","ping_status":"closed","template":"","meta":[],"yoast_head":"<!-- This site is optimized with the Yoast SEO plugin v18.1 - https:\/\/yoast.com\/wordpress\/plugins\/seo\/ -->\n<title>pubblicit\u00e0 per tutti<\/title>\n<meta name=\"description\" content=\"Oggero: pubblicit\u00e0 per tutti. Il posto giusto per promuovere la tua attivit\u00e0: migliaia di prodotti suddivisi per categorie, selezionati sul mercato tra le novit\u00e0, le tendenze ed i tradizionali. Possibilit\u00e0 di scegliere tra una vasta gamma o addirittura creare il proprio gadget o oggetto promozionale su misura.\" \/>\n<meta name=\"robots\" content=\"index, follow, max-snippet:-1, max-image-preview:large, max-video-preview:-1\" \/>\n<link rel=\"canonical\" href=\"https:\/\/oggero.com\/fr\/contact\/\" \/>\n<meta property=\"og:locale\" content=\"fr_FR\" \/>\n<meta property=\"og:type\" content=\"article\" \/>\n<meta property=\"og:title\" content=\"pubblicit\u00e0 per tutti\" \/>\n<meta property=\"og:description\" content=\"Oggero: pubblicit\u00e0 per tutti. Il posto giusto per promuovere la tua attivit\u00e0: migliaia di prodotti suddivisi per categorie, selezionati sul mercato tra le novit\u00e0, le tendenze ed i tradizionali. Possibilit\u00e0 di scegliere tra una vasta gamma o addirittura creare il proprio gadget o oggetto promozionale su misura.\" \/>\n<meta property=\"og:url\" content=\"https:\/\/oggero.com\/fr\/contact\/\" \/>\n<meta property=\"og:site_name\" content=\"Oggero - Oggettistica Promozionale, Abbigliamento Personalizzato, Etichette\" \/>\n<meta property=\"article:modified_time\" content=\"2021-09-15T13:26:01+00:00\" \/>\n<meta name=\"twitter:card\" content=\"summary_large_image\" \/>\n<meta name=\"twitter:label1\" content=\"Dur\u00e9e de lecture estim\u00e9e\" \/>\n\t<meta name=\"twitter:data1\" content=\"1 minute\" \/>\n<script type=\"application\/ld+json\" class=\"yoast-schema-graph\">{\"@context\":\"https:\/\/schema.org\",\"@graph\":[{\"@type\":\"WebSite\",\"@id\":\"https:\/\/oggero.com\/#website\",\"url\":\"https:\/\/oggero.com\/\",\"name\":\"Oggero - Oggettistica Promozionale, Abbigliamento Personalizzato, Etichette\",\"description\":\"oggero - Oggettistica Promozionale, Abbigliamento Personalizzato, Etichette\",\"potentialAction\":[{\"@type\":\"SearchAction\",\"target\":{\"@type\":\"EntryPoint\",\"urlTemplate\":\"https:\/\/oggero.com\/?s={search_term_string}\"},\"query-input\":\"required name=search_term_string\"}],\"inLanguage\":\"fr-FR\"},{\"@type\":\"WebPage\",\"@id\":\"https:\/\/oggero.com\/fr\/contact\/#webpage\",\"url\":\"https:\/\/oggero.com\/fr\/contact\/\",\"name\":\"pubblicit\u00e0 per tutti\",\"isPartOf\":{\"@id\":\"https:\/\/oggero.com\/#website\"},\"datePublished\":\"2018-05-24T10:13:20+00:00\",\"dateModified\":\"2021-09-15T13:26:01+00:00\",\"description\":\"Oggero: pubblicit\u00e0 per tutti. Il posto giusto per promuovere la tua attivit\u00e0: migliaia di prodotti suddivisi per categorie, selezionati sul mercato tra le novit\u00e0, le tendenze ed i tradizionali. Possibilit\u00e0 di scegliere tra una vasta gamma o addirittura creare il proprio gadget o oggetto promozionale su misura.\",\"breadcrumb\":{\"@id\":\"https:\/\/oggero.com\/fr\/contact\/#breadcrumb\"},\"inLanguage\":\"fr-FR\",\"potentialAction\":[{\"@type\":\"ReadAction\",\"target\":[\"https:\/\/oggero.com\/fr\/contact\/\"]}]},{\"@type\":\"BreadcrumbList\",\"@id\":\"https:\/\/oggero.com\/fr\/contact\/#breadcrumb\",\"itemListElement\":[{\"@type\":\"ListItem\",\"position\":1,\"name\":\"Home\",\"item\":\"https:\/\/oggero.com\/fr\/\"},{\"@type\":\"ListItem\",\"position\":2,\"name\":\"Contact\"}]}]}<\/script>\n<!-- \/ Yoast SEO plugin. -->","yoast_head_json":{"title":"pubblicit\u00e0 per tutti","description":"Oggero: pubblicit\u00e0 per tutti. Il posto giusto per promuovere la tua attivit\u00e0: migliaia di prodotti suddivisi per categorie, selezionati sul mercato tra le novit\u00e0, le tendenze ed i tradizionali. Possibilit\u00e0 di scegliere tra una vasta gamma o addirittura creare il proprio gadget o oggetto promozionale su misura.","robots":{"index":"index","follow":"follow","max-snippet":"max-snippet:-1","max-image-preview":"max-image-preview:large","max-video-preview":"max-video-preview:-1"},"canonical":"https:\/\/oggero.com\/fr\/contact\/","og_locale":"fr_FR","og_type":"article","og_title":"pubblicit\u00e0 per tutti","og_description":"Oggero: pubblicit\u00e0 per tutti. Il posto giusto per promuovere la tua attivit\u00e0: migliaia di prodotti suddivisi per categorie, selezionati sul mercato tra le novit\u00e0, le tendenze ed i tradizionali. Possibilit\u00e0 di scegliere tra una vasta gamma o addirittura creare il proprio gadget o oggetto promozionale su misura.","og_url":"https:\/\/oggero.com\/fr\/contact\/","og_site_name":"Oggero - Oggettistica Promozionale, Abbigliamento Personalizzato, Etichette","article_modified_time":"2021-09-15T13:26:01+00:00","twitter_card":"summary_large_image","twitter_misc":{"Dur\u00e9e de lecture estim\u00e9e":"1 minute"},"schema":{"@context":"https:\/\/schema.org","@graph":[{"@type":"WebSite","@id":"https:\/\/oggero.com\/#website","url":"https:\/\/oggero.com\/","name":"Oggero - Oggettistica Promozionale, Abbigliamento Personalizzato, Etichette","description":"oggero - Oggettistica Promozionale, Abbigliamento Personalizzato, Etichette","potentialAction":[{"@type":"SearchAction","target":{"@type":"EntryPoint","urlTemplate":"https:\/\/oggero.com\/?s={search_term_string}"},"query-input":"required name=search_term_string"}],"inLanguage":"fr-FR"},{"@type":"WebPage","@id":"https:\/\/oggero.com\/fr\/contact\/#webpage","url":"https:\/\/oggero.com\/fr\/contact\/","name":"pubblicit\u00e0 per tutti","isPartOf":{"@id":"https:\/\/oggero.com\/#website"},"datePublished":"2018-05-24T10:13:20+00:00","dateModified":"2021-09-15T13:26:01+00:00","description":"Oggero: pubblicit\u00e0 per tutti. Il posto giusto per promuovere la tua attivit\u00e0: migliaia di prodotti suddivisi per categorie, selezionati sul mercato tra le novit\u00e0, le tendenze ed i tradizionali. Possibilit\u00e0 di scegliere tra una vasta gamma o addirittura creare il proprio gadget o oggetto promozionale su misura.","breadcrumb":{"@id":"https:\/\/oggero.com\/fr\/contact\/#breadcrumb"},"inLanguage":"fr-FR","potentialAction":[{"@type":"ReadAction","target":["https:\/\/oggero.com\/fr\/contact\/"]}]},{"@type":"BreadcrumbList","@id":"https:\/\/oggero.com\/fr\/contact\/#breadcrumb","itemListElement":[{"@type":"ListItem","position":1,"name":"Home","item":"https:\/\/oggero.com\/fr\/"},{"@type":"ListItem","position":2,"name":"Contact"}]}]}},"_links":{"self":[{"href":"https:\/\/oggero.com\/fr\/wp-json\/wp\/v2\/pages\/4740"}],"collection":[{"href":"https:\/\/oggero.com\/fr\/wp-json\/wp\/v2\/pages"}],"about":[{"href":"https:\/\/oggero.com\/fr\/wp-json\/wp\/v2\/types\/page"}],"author":[{"embeddable":true,"href":"https:\/\/oggero.com\/fr\/wp-json\/wp\/v2\/users\/1"}],"replies":[{"embeddable":true,"href":"https:\/\/oggero.com\/fr\/wp-json\/wp\/v2\/comments?post=4740"}],"version-history":[{"count":0,"href":"https:\/\/oggero.com\/fr\/wp-json\/wp\/v2\/pages\/4740\/revisions"}],"wp:attachment":[{"href":"https:\/\/oggero.com\/fr\/wp-json\/wp\/v2\/media?parent=4740"}],"curies":[{"name":"wp","href":"https:\/\/api.w.org\/{rel}","templated":true}]}}